{"id":10,"date":"2026-04-13T14:49:09","date_gmt":"2026-04-13T14:49:09","guid":{"rendered":"https:\/\/caribbeancoolcr.com\/?page_id=10"},"modified":"2026-04-13T16:19:13","modified_gmt":"2026-04-13T16:19:13","slug":"empresa","status":"publish","type":"page","link":"https:\/\/caribbeancoolcr.com\/?page_id=10","title":{"rendered":"Empresa"},"content":{"rendered":"<h3 data-section-id=\"1lmhgsf\" data-start=\"67\" data-end=\"132\">\u2744\ufe0f Caribbean Col \u2013 Expertos en Aire Acondicionado en Gu\u00e1piles<\/h3>\n<p data-start=\"134\" data-end=\"342\">En <strong data-start=\"137\" data-end=\"163\">Caribbean Col Gu\u00e1piles<\/strong> somos especialistas en la <strong data-start=\"190\" data-end=\"257\">instalaci\u00f3n, mantenimiento y reparaci\u00f3n de aires acondicionados<\/strong>, brindando soluciones eficientes para hogares, oficinas y comercios en toda la zona.<\/p>\n<p data-start=\"344\" data-end=\"501\">Contamos con un equipo t\u00e9cnico capacitado que trabaja con equipos de alta calidad, garantizando <strong data-start=\"440\" data-end=\"500\">rendimiento, ahorro energ\u00e9tico y confort en cada espacio<\/strong>.<\/p>\n<h2 data-section-id=\"14z8vpy\" data-start=\"1278\" data-end=\"1314\">\ud83d\udcf2 \u00a1Agenda tu servicio hoy mismo!<\/h2>\n<p data-start=\"1316\" data-end=\"1413\">No esperes a que tu aire deje de funcionar.<br data-start=\"1359\" data-end=\"1362\" \/>Dale mantenimiento a tiempo y evita gastos mayores.<\/p>\n<p data-start=\"1415\" data-end=\"1516\">\ud83d\udcde Tel\u00e9fono: +(506) 8701-6183<br data-start=\"1444\" data-end=\"1447\" \/>\ud83d\udcf2 WhatsApp: +(506) 8701-6183<br data-start=\"1476\" data-end=\"1479\" \/>\ud83d\udce7 Correo: <a class=\"decorated-link cursor-pointer\" rel=\"noopener\" data-start=\"1490\" data-end=\"1514\">info@caribbeancoolcr.com<\/a><\/p>\n<p data-start=\"1518\" data-end=\"1570\">\ud83d\udc49 <strong data-start=\"1521\" data-end=\"1570\">Cont\u00e1ctanos ahora y recibe atenci\u00f3n inmediata<\/strong><\/p>\n","protected":false},"excerpt":{"rendered":"<p>\u2744\ufe0f Caribbean Col \u2013 Expertos en Aire Acondicionado en Gu\u00e1piles En Caribbean Col Gu\u00e1piles somos especialistas en la instalaci\u00f3n, mantenimiento y reparaci\u00f3n de aires acondicionados, brindando soluciones eficientes para hogares, oficinas y comercios en toda la zona. Contamos con un&hellip;<\/p>\n","protected":false},"author":1,"featured_media":0,"parent":0,"menu_order":0,"comment_status":"closed","ping_status":"closed","template":"","meta":{"_joinchat":[],"footnotes":""},"class_list":["post-10","page","type-page","status-publish","hentry"],"_links":{"self":[{"href":"https:\/\/caribbeancoolcr.com\/index.php?rest_route=\/wp\/v2\/pages\/10","targetHints":{"allow":["GET"]}}],"collection":[{"href":"https:\/\/caribbeancoolcr.com\/index.php?rest_route=\/wp\/v2\/pages"}],"about":[{"href":"https:\/\/caribbeancoolcr.com\/index.php?rest_route=\/wp\/v2\/types\/page"}],"author":[{"embeddable":true,"href":"https:\/\/caribbeancoolcr.com\/index.php?rest_route=\/wp\/v2\/users\/1"}],"replies":[{"embeddable":true,"href":"https:\/\/caribbeancoolcr.com\/index.php?rest_route=%2Fwp%2Fv2%2Fcomments&post=10"}],"version-history":[{"count":3,"href":"https:\/\/caribbeancoolcr.com\/index.php?rest_route=\/wp\/v2\/pages\/10\/revisions"}],"predecessor-version":[{"id":55,"href":"https:\/\/caribbeancoolcr.com\/index.php?rest_route=\/wp\/v2\/pages\/10\/revisions\/55"}],"wp:attachment":[{"href":"https:\/\/caribbeancoolcr.com\/index.php?rest_route=%2Fwp%2Fv2%2Fmedia&parent=10"}],"curies":[{"name":"wp","href":"https:\/\/api.w.org\/{rel}","templated":true}]}}